{"id":7588,"date":"2024-02-02T08:00:46","date_gmt":"2024-02-02T09:00:46","guid":{"rendered":"https:\/\/www.autorimesseroma.it\/politica-de-privacidad\/"},"modified":"2024-02-11T08:30:52","modified_gmt":"2024-02-11T09:30:52","slug":"politica-de-privacidad","status":"publish","type":"page","link":"https:\/\/www.autorimesseroma.it\/es\/politica-de-privacidad\/","title":{"rendered":"Pol\u00edtica de privacidad"},"content":{"rendered":"\t\t<div data-elementor-type=\"wp-page\" data-elementor-id=\"7588\" class=\"elementor elementor-7588 elementor-3\" data-elementor-post-type=\"page\">\n\t\t\t\t<div class=\"elementor-element elementor-element-689a120c e-flex e-con-boxed e-con e-parent\" data-id=\"689a120c\" data-element_type=\"container\" data-e-type=\"container\">\n\t\t\t\t\t<div class=\"e-con-inner\">\n\t\t\t\t<div class=\"elementor-element elementor-element-42280cce elementor-widget elementor-widget-text-editor\" data-id=\"42280cce\" data-element_type=\"widget\" data-e-type=\"widget\" data-widget_type=\"text-editor.default\">\n\t\t\t\t<div class=\"elementor-widget-container\">\n\t\t\t\t\t\t\t\t\t<div class=\"iub_header\">\n<h1>Pol\u00edtica de privacidad de <strong>www.autorimesseroma.it\/<\/strong><\/h1>\n<p>Para obtener informaci\u00f3n sobre sus datos personales recopilados, los fines para los que se recopilan y las partes con las que se comparten los datos, p\u00f3ngase en contacto con el responsable del tratamiento.<\/p>\n<\/div>\n<div class=\"one_line_col\">\n<h2 id=\"owner_of_the_data\">Controlador de datos<\/h2>\n<p>Viale Furio Camillo 54 b, 00181 Roma (RM)<\/p>\n<p><b>Direcci\u00f3n de correo electr\u00f3nico del titular:<\/b> parkcity@autorimesseroma.it<\/p>\n<\/div>\n<div class=\"one_line_col\">\n<h2 id=\"types_of_data\">Tipos de datos recogidos<\/h2>\n<p>El Responsable del Tratamiento no facilita una lista de los tipos de Datos Personales recogidos.<\/p>\n<p>Los detalles completos sobre cada tipo de datos recogidos se proporcionan en las secciones dedicadas de esta pol\u00edtica de privacidad o mediante textos informativos espec\u00edficos mostrados antes de la recogida de los datos.<br>Los Datos Personales pueden ser proporcionados libremente por el Usuario o, en el caso de los Datos de Usuario, recogidos autom\u00e1ticamente durante el uso de esta Aplicaci\u00f3n.<br>Salvo que se especifique lo contrario, todos los Datos solicitados por esta Solicitud son obligatorios. Si el Usuario se niega a comunicarlos, puede resultar imposible para esta Aplicaci\u00f3n prestar el Servicio. Cuando en esta Aplicaci\u00f3n se indiquen determinados Datos como opcionales, los Usuarios son libres de abstenerse de comunicarlos, sin que ello tenga ninguna consecuencia sobre la disponibilidad del Servicio o su funcionamiento.<br>Se recomienda a los usuarios que tengan dudas sobre qu\u00e9 Datos son obligatorios que se pongan en contacto con el Responsable del Tratamiento.<br>El posible uso de Cookies -o de otras herramientas de seguimiento- por parte de esta Aplicaci\u00f3n o de los titulares de servicios de terceros utilizados por esta Aplicaci\u00f3n, salvo que se especifique lo contrario, tiene como finalidad la prestaci\u00f3n del Servicio solicitado por el Usuario, adem\u00e1s de las finalidades adicionales descritas en este documento y en la Pol\u00edtica de Cookies, si est\u00e1 disponible.<\/p>\n<p>El Usuario asume la responsabilidad de los Datos Personales de terceros obtenidos, publicados o compartidos a trav\u00e9s de esta Aplicaci\u00f3n y garantiza que tiene derecho a comunicarlos o difundirlos, liberando al Titular de cualquier responsabilidad frente a terceros.<\/p>\n<\/div>\n<div class=\"one_line_col\">\n<h2 id=\"place_of_processing\">M\u00e9todo y lugar de tratamiento de los datos<\/h2>\n<h3>Modalidades de tratamiento<\/h3>\n<p>El Responsable del Tratamiento toma las medidas de seguridad adecuadas para impedir el acceso, la divulgaci\u00f3n, la modificaci\u00f3n o la destrucci\u00f3n no autorizados de los Datos Personales.<br>El tratamiento se realiza mediante herramientas inform\u00e1ticas y\/o telem\u00e1ticas, con m\u00e9todos organizativos y l\u00f3gicos estrictamente relacionados con los fines indicados. Adem\u00e1s del Responsable del Tratamiento, en algunos casos, otros sujetos implicados en la organizaci\u00f3n de esta Aplicaci\u00f3n (administrativos, comerciales, de marketing, jur\u00eddicos, administradores de sistemas) o sujetos externos (como terceros proveedores de servicios t\u00e9cnicos, mensajeros postales, proveedores de hosting, empresas inform\u00e1ticas, agencias de comunicaci\u00f3n) tambi\u00e9n nombrados, si es necesario, Encargados del Tratamiento por el Responsable del Tratamiento, pueden tener acceso a los Datos. La lista actualizada de Encargados del Tratamiento puede solicitarse siempre al Responsable del Tratamiento.<\/p>\n<h3>Base jur\u00eddica del tratamiento<\/h3>\n<p>El Responsable del Tratamiento trata los Datos Personales relativos al Usuario si se cumple una de las siguientes condiciones:<\/p>\n<ul>\n<li>el Usuario ha dado su consentimiento para uno o m\u00e1s fines espec\u00edficos; Nota: en algunas jurisdicciones, el Responsable del Tratamiento puede estar autorizado a tratar Datos Personales sin el consentimiento del Usuario o sin otra de las bases jur\u00eddicas especificadas a continuaci\u00f3n, hasta que el Usuario se oponga (\u00abopte por no hacerlo\u00bb) a dicho tratamiento. Sin embargo, esto no se aplica si el tratamiento de Datos Personales se rige por la legislaci\u00f3n europea sobre protecci\u00f3n de Datos Personales;<\/li>\n<li>el tratamiento es necesario para la ejecuci\u00f3n de un contrato con el Usuario y\/o la ejecuci\u00f3n de medidas precontractuales;<\/li>\n<li>el tratamiento es necesario para cumplir una obligaci\u00f3n legal a la que est\u00e1 sujeto el responsable del tratamiento;<\/li>\n<li>el tratamiento es necesario para el cumplimiento de una misi\u00f3n de inter\u00e9s p\u00fablico o en el ejercicio de poderes p\u00fablicos conferidos al responsable del tratamiento;<\/li>\n<li>el tratamiento es necesario para la consecuci\u00f3n del inter\u00e9s leg\u00edtimo del Responsable del Tratamiento o de terceros.<\/li>\n<\/ul>\n<p>No obstante, siempre es posible pedir al responsable del tratamiento que aclare la base jur\u00eddica concreta de cada operaci\u00f3n de tratamiento y, en particular, que especifique si el tratamiento se basa en la ley, lo exige un contrato o es necesario para celebrar un contrato.<\/p>\n<h3>Lugar<\/h3>\n<p>Los Datos se tratan en los locales del Responsable del Tratamiento y en cualquier otro lugar donde se encuentren las partes implicadas en el tratamiento. Para m\u00e1s informaci\u00f3n, p\u00f3ngase en contacto con el propietario.<br>Los Datos Personales del Usuario pueden ser transferidos a un pa\u00eds distinto del pa\u00eds en el que se encuentra el Usuario. Para obtener m\u00e1s informaci\u00f3n sobre d\u00f3nde tiene lugar el tratamiento, el Usuario puede consultar la secci\u00f3n de detalles sobre el tratamiento de Datos Personales.<\/p>\n<p>El Usuario tiene derecho a obtener informaci\u00f3n sobre la base jur\u00eddica para la transferencia de Datos fuera de la Uni\u00f3n Europea o a una organizaci\u00f3n internacional de derecho internacional p\u00fablico o formada por dos o m\u00e1s pa\u00edses, como la ONU, as\u00ed como sobre las medidas de seguridad adoptadas por el Responsable del Tratamiento para proteger los Datos.<\/p>\n<p>El Usuario puede comprobar si se ha producido alguna de las transferencias que se acaban de describir examinando la secci\u00f3n de este documento relativa a los detalles sobre el tratamiento de Datos Personales o solicitar informaci\u00f3n al Responsable del Tratamiento poni\u00e9ndose en contacto con \u00e9l en los datos de contacto que figuran al principio.<\/p>\n<h3>Per\u00edodo de conservaci\u00f3n<\/h3>\n<p>Los datos se procesan y almacenan durante el tiempo necesario para los fines para los que se recogieron.<\/p>\n<p>Por lo tanto:<\/p>\n<ul>\n<li>Los Datos Personales recogidos con fines relacionados con la ejecuci\u00f3n de un contrato entre el Responsable y el Usuario se conservar\u00e1n hasta que finalice la ejecuci\u00f3n de dicho contrato.<\/li>\n<li>Los Datos Personales recogidos con fines atribuibles al inter\u00e9s leg\u00edtimo del Responsable del Tratamiento se conservar\u00e1n hasta que se satisfaga dicho inter\u00e9s. El Usuario puede obtener m\u00e1s informaci\u00f3n sobre el inter\u00e9s leg\u00edtimo perseguido por el Responsable del tratamiento en las secciones pertinentes de este documento o poni\u00e9ndose en contacto con el Responsable del tratamiento.<\/li>\n<\/ul>\n<p>Cuando el tratamiento se base en el consentimiento del Usuario, el Responsable podr\u00e1 conservar los Datos Personales durante m\u00e1s tiempo hasta que dicho consentimiento sea revocado. Adem\u00e1s, el Responsable del Tratamiento puede verse obligado a conservar los Datos Personales durante un per\u00edodo m\u00e1s largo en cumplimiento de una obligaci\u00f3n legal o por orden de una autoridad.<\/p>\n<p>Al final del periodo de conservaci\u00f3n, los Datos Personales se suprimir\u00e1n. Por lo tanto, una vez transcurrido este plazo, ya no se podr\u00e1n ejercer los derechos de acceso, cancelaci\u00f3n, rectificaci\u00f3n y portabilidad de datos.<\/p>\n<\/div>\n<div class=\"one_line_col\">\n<h2>Derechos de los usuarios<\/h2>\n<p>Los usuarios pueden ejercer determinados derechos en relaci\u00f3n con los Datos tratados por el Responsable del Tratamiento.<\/p>\n<p>En particular, el Usuario tiene derecho a:<\/p>\n<ul>\n<li><b>retirar el consentimiento en cualquier momento.<\/b>  El Usuario podr\u00e1 revocar el consentimiento previamente expresado para el tratamiento de sus Datos Personales.<\/li>\n<li><b>oponerse al tratamiento de sus Datos.<\/b>  Los usuarios pueden oponerse al tratamiento de sus datos cuando \u00e9ste se realice sobre una base jur\u00eddica distinta del consentimiento. En la secci\u00f3n siguiente encontrar\u00e1 m\u00e1s informaci\u00f3n sobre el derecho de oposici\u00f3n.<\/li>\n<li><b>acceso a sus Datos.<\/b>  El Usuario tiene derecho a obtener informaci\u00f3n sobre los Datos tratados por el Responsable del tratamiento, sobre determinados aspectos del tratamiento y a recibir una copia de los Datos tratados.<\/li>\n<li><b>comprobar y solicitar la rectificaci\u00f3n.<\/b>  El Usuario podr\u00e1 comprobar la exactitud de sus Datos y solicitar su actualizaci\u00f3n o rectificaci\u00f3n.<\/li>\n<li><b>obtener la restricci\u00f3n del tratamiento.<\/b>  Cuando se cumplan determinadas condiciones, el Usuario podr\u00e1 solicitar la limitaci\u00f3n del tratamiento de sus Datos. En este caso, el responsable del tratamiento no tratar\u00e1 los datos para fines distintos de su almacenamiento.<\/li>\n<li><b>obtener la supresi\u00f3n o eliminaci\u00f3n de sus Datos Personales.<\/b>  Cuando se cumplan determinadas condiciones, el Usuario podr\u00e1 solicitar al Responsable del Tratamiento la supresi\u00f3n de sus Datos.<\/li>\n<li><b>recibir sus Datos o hacer que se transfieran a otro responsable del tratamiento.<\/b>  El usuario tiene derecho a recibir sus datos en un formato estructurado, de uso com\u00fan y lectura mec\u00e1nica y, cuando sea t\u00e9cnicamente viable, a que se transfieran sin obst\u00e1culos a otro responsable del tratamiento. Esta disposici\u00f3n es aplicable cuando los Datos se tratan por medios automatizados y el tratamiento se basa en el consentimiento del Usuario, en un contrato del que el Usuario es parte o en medidas contractuales relacionadas con el mismo.<\/li>\n<li><b>presentar una denuncia.<\/b>  El Usuario podr\u00e1 presentar una reclamaci\u00f3n ante la autoridad de control competente en materia de protecci\u00f3n de datos o emprender acciones legales.<\/li>\n<\/ul>\n<h3>Detalles sobre el derecho de oposici\u00f3n<\/h3>\n<p>Cuando los Datos Personales se traten en inter\u00e9s p\u00fablico, en el ejercicio de poderes p\u00fablicos conferidos al Responsable del Tratamiento o para la satisfacci\u00f3n de un inter\u00e9s leg\u00edtimo del Responsable del Tratamiento, los Usuarios tendr\u00e1n derecho a oponerse al tratamiento por motivos relacionados con su situaci\u00f3n particular.<\/p>\n<p>Se informa a los usuarios de que, si sus datos se tratan con fines de marketing directo, pueden oponerse al tratamiento sin indicar los motivos. Para saber si el Responsable del Tratamiento trata datos con fines de marketing directo, los Usuarios pueden consultar las secciones correspondientes de este documento.<\/p>\n<h3>C\u00f3mo ejercer los derechos<\/h3>\n<p>Para ejercer los derechos del Usuario, \u00e9ste puede dirigir una solicitud a los datos de contacto del Responsable del Tratamiento indicados en este documento. Las solicitudes se presentan gratuitamente y el titular las tramita lo antes posible, en cualquier caso en el plazo de un mes.<\/p>\n<\/div>\n<div class=\"one_line_col\">\n<h2 id=\"further_data_processing_info\">M\u00e1s informaci\u00f3n sobre el tratamiento<\/h2>\n<h3>Defensa ante el tribunal<\/h3>\n<p>Los Datos Personales del Usuario podr\u00e1n ser utilizados por el Responsable del Tratamiento en procedimientos judiciales o en las fases preparatorias de su posible establecimiento para la defensa contra abusos en el uso de esta Aplicaci\u00f3n o de los Servicios relacionados por parte del Usuario.<br>El Usuario declara ser consciente de que el Responsable del Tratamiento puede verse obligado a revelar los Datos por orden de las autoridades p\u00fablicas.<\/p>\n<h3>Informaci\u00f3n espec\u00edfica<\/h3>\n<p>A petici\u00f3n del Usuario, adem\u00e1s de la informaci\u00f3n contenida en esta pol\u00edtica de privacidad, esta Aplicaci\u00f3n puede proporcionar al Usuario informaci\u00f3n adicional y contextual relativa a Servicios espec\u00edficos, o a la recogida y tratamiento de Datos Personales.<\/p>\n<h3>Registros y mantenimiento del sistema<\/h3>\n<p>A efectos de funcionamiento y mantenimiento, esta Aplicaci\u00f3n y cualquier servicio de terceros utilizado por ella pueden recopilar registros del sistema, es decir, archivos que registran interacciones y que tambi\u00e9n pueden contener Datos Personales, como la direcci\u00f3n IP del Usuario.<\/p>\n<h3>Informaci\u00f3n no contenida en esta pol\u00edtica<\/h3>\n<p>En cualquier momento puede solicitarse m\u00e1s informaci\u00f3n en relaci\u00f3n con el tratamiento de Datos Personales al Responsable del Tratamiento utilizando los datos de contacto.<\/p>\n<h3>Respuesta a las solicitudes \u00abDo Not Track<\/h3>\n<p>Esta aplicaci\u00f3n no admite solicitudes de \u00abNo rastrear\u00bb.<br>Para saber si los servicios de terceros utilizados los admiten, se invita al Usuario a consultar sus respectivas pol\u00edticas de privacidad.<\/p>\n<h3>Cambios en esta pol\u00edtica de privacidad<\/h3>\n<p>El Responsable del Tratamiento se reserva el derecho a realizar cambios en esta pol\u00edtica de privacidad en cualquier momento, informando a los Usuarios en esta p\u00e1gina y, si es posible, en esta Aplicaci\u00f3n, as\u00ed como, si es t\u00e9cnica y legalmente factible, enviando una notificaci\u00f3n a los Usuarios a trav\u00e9s de uno de los datos de contacto que posee el Responsable del Tratamiento . Por lo tanto, le rogamos que consulte esta p\u00e1gina con regularidad, haciendo referencia a la fecha de la \u00faltima modificaci\u00f3n indicada en la parte inferior.<\/p>\n<p>Si los cambios afectan al tratamiento cuya base jur\u00eddica es el consentimiento, el Responsable del Tratamiento recabar\u00e1 de nuevo el consentimiento del Usuario, si fuera necesario.<\/p>\n<\/div>\t\t\t\t\t\t\t\t<\/div>\n\t\t\t\t<\/div>\n\t\t\t\t\t<\/div>\n\t\t\t\t<\/div>\n\t\t\t\t<\/div>\n\t\t","protected":false},"excerpt":{"rendered":"<p>Pol\u00edtica de privacidad de www.autorimesseroma.it\/ Para obtener informaci\u00f3n sobre sus datos personales recopilados, los fines para los que se recopilan y las partes con las que se comparten los datos, p\u00f3ngase en contacto con el responsable del tratamiento. Controlador de datos Viale Furio Camillo 54 b, 00181 Roma (RM) Direcci\u00f3n de correo electr\u00f3nico del titular:&hellip;<\/p>\n","protected":false},"author":1,"featured_media":0,"parent":0,"menu_order":0,"comment_status":"closed","ping_status":"open","template":"","meta":{"footnotes":""},"class_list":["post-7588","page","type-page","status-publish","hentry"],"yoast_head":"<!-- This site is optimized with the Yoast SEO plugin v27.3 - https:\/\/yoast.com\/product\/yoast-seo-wordpress\/ -->\n<title>Pol\u00edtica de privacidad - PARKCITY 96 - Aparcamiento en Roma | CENTRO en metro 15 min | Econ\u00f3mico<\/title>\n<meta name=\"robots\" content=\"index, follow, max-snippet:-1, max-image-preview:large, max-video-preview:-1\" \/>\n<link rel=\"canonical\" href=\"https:\/\/www.autorimesseroma.it\/es\/politica-de-privacidad\/\" \/>\n<meta property=\"og:locale\" content=\"es_ES\" \/>\n<meta property=\"og:type\" content=\"article\" \/>\n<meta property=\"og:title\" content=\"Pol\u00edtica de privacidad - PARKCITY 96 - Aparcamiento en Roma | CENTRO en metro 15 min | Econ\u00f3mico\" \/>\n<meta property=\"og:description\" content=\"Pol\u00edtica de privacidad de www.autorimesseroma.it\/ Para obtener informaci\u00f3n sobre sus datos personales recopilados, los fines para los que se recopilan y las partes con las que se comparten los datos, p\u00f3ngase en contacto con el responsable del tratamiento. Controlador de datos Viale Furio Camillo 54 b, 00181 Roma (RM) Direcci\u00f3n de correo electr\u00f3nico del titular:&hellip;\" \/>\n<meta property=\"og:url\" content=\"https:\/\/www.autorimesseroma.it\/es\/politica-de-privacidad\/\" \/>\n<meta property=\"og:site_name\" content=\"PARKCITY 96 - Aparcamiento en Roma | CENTRO en metro 15 min | Econ\u00f3mico\" \/>\n<meta property=\"article:publisher\" content=\"https:\/\/www.facebook.com\/people\/Parking-Rome\/100068444212966\/\" \/>\n<meta property=\"article:modified_time\" content=\"2024-02-11T09:30:52+00:00\" \/>\n<meta name=\"twitter:card\" content=\"summary_large_image\" \/>\n<meta name=\"twitter:site\" content=\"@PaekingR\" \/>\n<meta name=\"twitter:label1\" content=\"Tiempo de lectura\" \/>\n\t<meta name=\"twitter:data1\" content=\"10 minutos\" \/>\n<script type=\"application\/ld+json\" class=\"yoast-schema-graph\">{\"@context\":\"https:\\\/\\\/schema.org\",\"@graph\":[{\"@type\":\"WebPage\",\"@id\":\"https:\\\/\\\/www.autorimesseroma.it\\\/es\\\/politica-de-privacidad\\\/\",\"url\":\"https:\\\/\\\/www.autorimesseroma.it\\\/es\\\/politica-de-privacidad\\\/\",\"name\":\"Pol\u00edtica de privacidad - PARKCITY 96 - Aparcamiento en Roma | CENTRO en metro 15 min | Econ\u00f3mico\",\"isPartOf\":{\"@id\":\"https:\\\/\\\/www.autorimesseroma.it\\\/es\\\/#website\"},\"datePublished\":\"2024-02-02T09:00:46+00:00\",\"dateModified\":\"2024-02-11T09:30:52+00:00\",\"breadcrumb\":{\"@id\":\"https:\\\/\\\/www.autorimesseroma.it\\\/es\\\/politica-de-privacidad\\\/#breadcrumb\"},\"inLanguage\":\"es\",\"potentialAction\":[{\"@type\":\"ReadAction\",\"target\":[\"https:\\\/\\\/www.autorimesseroma.it\\\/es\\\/politica-de-privacidad\\\/\"]}]},{\"@type\":\"BreadcrumbList\",\"@id\":\"https:\\\/\\\/www.autorimesseroma.it\\\/es\\\/politica-de-privacidad\\\/#breadcrumb\",\"itemListElement\":[{\"@type\":\"ListItem\",\"position\":1,\"name\":\"Home\",\"item\":\"https:\\\/\\\/www.autorimesseroma.it\\\/es\\\/\"},{\"@type\":\"ListItem\",\"position\":2,\"name\":\"Pol\u00edtica de privacidad\"}]},{\"@type\":\"WebSite\",\"@id\":\"https:\\\/\\\/www.autorimesseroma.it\\\/es\\\/#website\",\"url\":\"https:\\\/\\\/www.autorimesseroma.it\\\/es\\\/\",\"name\":\"PARKCITY 96 - Parcheggio a Roma | CENTRO in metro 15 min | Economico\",\"description\":\"Facil de obtener. Fuera de la zona de tr\u00e1fico restringido. Aparcamiento cubierto y seguro en la zona de Appio Tuscolana (semicentro de Roma) a s\u00f3lo 100 metros de la parada de metro l\u00ednea A Furio Camillo.\",\"publisher\":{\"@id\":\"https:\\\/\\\/www.autorimesseroma.it\\\/es\\\/#organization\"},\"potentialAction\":[{\"@type\":\"SearchAction\",\"target\":{\"@type\":\"EntryPoint\",\"urlTemplate\":\"https:\\\/\\\/www.autorimesseroma.it\\\/es\\\/?s={search_term_string}\"},\"query-input\":{\"@type\":\"PropertyValueSpecification\",\"valueRequired\":true,\"valueName\":\"search_term_string\"}}],\"inLanguage\":\"es\"},{\"@type\":\"Organization\",\"@id\":\"https:\\\/\\\/www.autorimesseroma.it\\\/es\\\/#organization\",\"name\":\"PARKCITY 96 - Parcheggio a Roma | CENTRO in metro 15 min | Economico\",\"url\":\"https:\\\/\\\/www.autorimesseroma.it\\\/es\\\/\",\"logo\":{\"@type\":\"ImageObject\",\"inLanguage\":\"es\",\"@id\":\"https:\\\/\\\/www.autorimesseroma.it\\\/es\\\/#\\\/schema\\\/logo\\\/image\\\/\",\"url\":\"https:\\\/\\\/www.autorimesseroma.it\\\/wp-content\\\/uploads\\\/2021\\\/11\\\/cropped-Parking-Parkcity96.png\",\"contentUrl\":\"https:\\\/\\\/www.autorimesseroma.it\\\/wp-content\\\/uploads\\\/2021\\\/11\\\/cropped-Parking-Parkcity96.png\",\"width\":512,\"height\":512,\"caption\":\"PARKCITY 96 - Parcheggio a Roma | CENTRO in metro 15 min | Economico\"},\"image\":{\"@id\":\"https:\\\/\\\/www.autorimesseroma.it\\\/es\\\/#\\\/schema\\\/logo\\\/image\\\/\"},\"sameAs\":[\"https:\\\/\\\/www.facebook.com\\\/people\\\/Parking-Rome\\\/100068444212966\\\/\",\"https:\\\/\\\/x.com\\\/PaekingR\"]}]}<\/script>\n<!-- \/ Yoast SEO plugin. -->","yoast_head_json":{"title":"Pol\u00edtica de privacidad - PARKCITY 96 - Aparcamiento en Roma | CENTRO en metro 15 min | Econ\u00f3mico","robots":{"index":"index","follow":"follow","max-snippet":"max-snippet:-1","max-image-preview":"max-image-preview:large","max-video-preview":"max-video-preview:-1"},"canonical":"https:\/\/www.autorimesseroma.it\/es\/politica-de-privacidad\/","og_locale":"es_ES","og_type":"article","og_title":"Pol\u00edtica de privacidad - PARKCITY 96 - Aparcamiento en Roma | CENTRO en metro 15 min | Econ\u00f3mico","og_description":"Pol\u00edtica de privacidad de www.autorimesseroma.it\/ Para obtener informaci\u00f3n sobre sus datos personales recopilados, los fines para los que se recopilan y las partes con las que se comparten los datos, p\u00f3ngase en contacto con el responsable del tratamiento. Controlador de datos Viale Furio Camillo 54 b, 00181 Roma (RM) Direcci\u00f3n de correo electr\u00f3nico del titular:&hellip;","og_url":"https:\/\/www.autorimesseroma.it\/es\/politica-de-privacidad\/","og_site_name":"PARKCITY 96 - Aparcamiento en Roma | CENTRO en metro 15 min | Econ\u00f3mico","article_publisher":"https:\/\/www.facebook.com\/people\/Parking-Rome\/100068444212966\/","article_modified_time":"2024-02-11T09:30:52+00:00","twitter_card":"summary_large_image","twitter_site":"@PaekingR","twitter_misc":{"Tiempo de lectura":"10 minutos"},"schema":{"@context":"https:\/\/schema.org","@graph":[{"@type":"WebPage","@id":"https:\/\/www.autorimesseroma.it\/es\/politica-de-privacidad\/","url":"https:\/\/www.autorimesseroma.it\/es\/politica-de-privacidad\/","name":"Pol\u00edtica de privacidad - PARKCITY 96 - Aparcamiento en Roma | CENTRO en metro 15 min | Econ\u00f3mico","isPartOf":{"@id":"https:\/\/www.autorimesseroma.it\/es\/#website"},"datePublished":"2024-02-02T09:00:46+00:00","dateModified":"2024-02-11T09:30:52+00:00","breadcrumb":{"@id":"https:\/\/www.autorimesseroma.it\/es\/politica-de-privacidad\/#breadcrumb"},"inLanguage":"es","potentialAction":[{"@type":"ReadAction","target":["https:\/\/www.autorimesseroma.it\/es\/politica-de-privacidad\/"]}]},{"@type":"BreadcrumbList","@id":"https:\/\/www.autorimesseroma.it\/es\/politica-de-privacidad\/#breadcrumb","itemListElement":[{"@type":"ListItem","position":1,"name":"Home","item":"https:\/\/www.autorimesseroma.it\/es\/"},{"@type":"ListItem","position":2,"name":"Pol\u00edtica de privacidad"}]},{"@type":"WebSite","@id":"https:\/\/www.autorimesseroma.it\/es\/#website","url":"https:\/\/www.autorimesseroma.it\/es\/","name":"PARKCITY 96 - Parcheggio a Roma | CENTRO in metro 15 min | Economico","description":"Facil de obtener. Fuera de la zona de tr\u00e1fico restringido. Aparcamiento cubierto y seguro en la zona de Appio Tuscolana (semicentro de Roma) a s\u00f3lo 100 metros de la parada de metro l\u00ednea A Furio Camillo.","publisher":{"@id":"https:\/\/www.autorimesseroma.it\/es\/#organization"},"potentialAction":[{"@type":"SearchAction","target":{"@type":"EntryPoint","urlTemplate":"https:\/\/www.autorimesseroma.it\/es\/?s={search_term_string}"},"query-input":{"@type":"PropertyValueSpecification","valueRequired":true,"valueName":"search_term_string"}}],"inLanguage":"es"},{"@type":"Organization","@id":"https:\/\/www.autorimesseroma.it\/es\/#organization","name":"PARKCITY 96 - Parcheggio a Roma | CENTRO in metro 15 min | Economico","url":"https:\/\/www.autorimesseroma.it\/es\/","logo":{"@type":"ImageObject","inLanguage":"es","@id":"https:\/\/www.autorimesseroma.it\/es\/#\/schema\/logo\/image\/","url":"https:\/\/www.autorimesseroma.it\/wp-content\/uploads\/2021\/11\/cropped-Parking-Parkcity96.png","contentUrl":"https:\/\/www.autorimesseroma.it\/wp-content\/uploads\/2021\/11\/cropped-Parking-Parkcity96.png","width":512,"height":512,"caption":"PARKCITY 96 - Parcheggio a Roma | CENTRO in metro 15 min | Economico"},"image":{"@id":"https:\/\/www.autorimesseroma.it\/es\/#\/schema\/logo\/image\/"},"sameAs":["https:\/\/www.facebook.com\/people\/Parking-Rome\/100068444212966\/","https:\/\/x.com\/PaekingR"]}]}},"_links":{"self":[{"href":"https:\/\/www.autorimesseroma.it\/es\/wp-json\/wp\/v2\/pages\/7588","targetHints":{"allow":["GET"]}}],"collection":[{"href":"https:\/\/www.autorimesseroma.it\/es\/wp-json\/wp\/v2\/pages"}],"about":[{"href":"https:\/\/www.autorimesseroma.it\/es\/wp-json\/wp\/v2\/types\/page"}],"author":[{"embeddable":true,"href":"https:\/\/www.autorimesseroma.it\/es\/wp-json\/wp\/v2\/users\/1"}],"replies":[{"embeddable":true,"href":"https:\/\/www.autorimesseroma.it\/es\/wp-json\/wp\/v2\/comments?post=7588"}],"version-history":[{"count":0,"href":"https:\/\/www.autorimesseroma.it\/es\/wp-json\/wp\/v2\/pages\/7588\/revisions"}],"wp:attachment":[{"href":"https:\/\/www.autorimesseroma.it\/es\/wp-json\/wp\/v2\/media?parent=7588"}],"curies":[{"name":"wp","href":"https:\/\/api.w.org\/{rel}","templated":true}]}}