{"id":7576,"date":"2024-02-02T08:00:46","date_gmt":"2024-02-02T09:00:46","guid":{"rendered":"https:\/\/www.autorimesseroma.it\/datenschutzbestimmungen\/"},"modified":"2024-02-11T08:29:04","modified_gmt":"2024-02-11T09:29:04","slug":"datenschutzbestimmungen","status":"publish","type":"page","link":"https:\/\/www.autorimesseroma.it\/de\/datenschutzbestimmungen\/","title":{"rendered":"Datenschutzbestimmungen"},"content":{"rendered":"\t\t<div data-elementor-type=\"wp-page\" data-elementor-id=\"7576\" class=\"elementor elementor-7576 elementor-3\" data-elementor-post-type=\"page\">\n\t\t\t\t<div class=\"elementor-element elementor-element-689a120c e-flex e-con-boxed e-con e-parent\" data-id=\"689a120c\" data-element_type=\"container\" data-e-type=\"container\">\n\t\t\t\t\t<div class=\"e-con-inner\">\n\t\t\t\t<div class=\"elementor-element elementor-element-42280cce elementor-widget elementor-widget-text-editor\" data-id=\"42280cce\" data-element_type=\"widget\" data-e-type=\"widget\" data-widget_type=\"text-editor.default\">\n\t\t\t\t<div class=\"elementor-widget-container\">\n\t\t\t\t\t\t\t\t\t<div class=\"iub_header\">\n<h1>Datenschutzbestimmungen von <strong>www.autorimesseroma.it\/<\/strong><\/h1>\n<p>Um Informationen \u00fcber Ihre gesammelten pers\u00f6nlichen Daten, die Zwecke, f\u00fcr die sie gesammelt werden, und die Parteien, mit denen die Daten geteilt werden, zu erhalten, wenden Sie sich bitte an den f\u00fcr die Verarbeitung Verantwortlichen.<\/p>\n<\/div>\n<div class=\"one_line_col\">\n<h2 id=\"owner_of_the_data\">Datenkontrolleur<\/h2>\n<p>Viale Furio Camillo 54 b, 00181 Rom (RM)<\/p>\n<p><b>E-Mail Adresse des Inhabers:<\/b> parkcity@autorimesseroma.it<\/p>\n<\/div>\n<div class=\"one_line_col\">\n<h2 id=\"types_of_data\">Arten von gesammelten Daten<\/h2>\n<p>Der f\u00fcr die Verarbeitung Verantwortliche stellt keine Liste der Arten der erhobenen personenbezogenen Daten zur Verf\u00fcgung.<\/p>\n<p>Ausf\u00fchrliche Informationen zu jeder Art von erfassten Daten finden Sie in den entsprechenden Abschnitten dieser Datenschutzrichtlinie oder in speziellen Informationstexten, die vor der Erfassung der Daten angezeigt werden.<br>Personenbezogene Daten k\u00f6nnen vom Nutzer freiwillig zur Verf\u00fcgung gestellt werden oder, im Falle von Nutzerdaten, automatisch w\u00e4hrend der Nutzung dieser Anwendung gesammelt werden.<br>Sofern nicht anders angegeben, sind alle in diesem Antrag verlangten Daten obligatorisch. Weigert sich der Nutzer, diese mitzuteilen, kann es f\u00fcr diese Anwendung unm\u00f6glich sein, den Dienst bereitzustellen. Wenn in dieser Anwendung bestimmte Daten als fakultativ gekennzeichnet sind, steht es den Nutzern frei, diese Daten nicht mitzuteilen, ohne dass dies Auswirkungen auf die Verf\u00fcgbarkeit des Dienstes oder seinen Betrieb hat.<br>Benutzer, die Zweifel daran haben, welche Daten obligatorisch sind, werden gebeten, sich an den f\u00fcr die Verarbeitung Verantwortlichen zu wenden.<br>Die m\u00f6gliche Verwendung von Cookies &#8211; oder anderer Tracking-Tools &#8211; durch diese Anwendung oder durch die Eigent\u00fcmer der von dieser Anwendung genutzten Dienste Dritter dient, sofern nicht anders angegeben, dem Zweck, den vom Nutzer angeforderten Dienst bereitzustellen, zus\u00e4tzlich zu den in diesem Dokument und in der Cookie-Richtlinie, sofern verf\u00fcgbar, beschriebenen weiteren Zwecken.<\/p>\n<p>Der Nutzer \u00fcbernimmt die Verantwortung f\u00fcr die \u00fcber diese Anwendung erhaltenen, ver\u00f6ffentlichten oder geteilten pers\u00f6nlichen Daten Dritter und garantiert, dass er das Recht hat, diese zu \u00fcbermitteln oder zu verbreiten, wobei er den Eigent\u00fcmer von jeglicher Haftung gegen\u00fcber Dritten befreit.<\/p>\n<\/div>\n<div class=\"one_line_col\">\n<h2 id=\"place_of_processing\">Methode und Ort der Datenverarbeitung<\/h2>\n<h3>Behandlungsmethoden<\/h3>\n<p>Der f\u00fcr die Verarbeitung Verantwortliche ergreift geeignete Sicherheitsma\u00dfnahmen, um den unbefugten Zugriff auf personenbezogene Daten sowie deren Weitergabe, \u00c4nderung oder Vernichtung zu verhindern.<br>Die Verarbeitung erfolgt mit Hilfe von Informatik- und\/oder Telematikinstrumenten, deren Organisationsmethoden und Logik sich streng an die angegebenen Zwecke halten. Neben dem f\u00fcr die Verarbeitung Verantwortlichen k\u00f6nnen in einigen F\u00e4llen auch andere an der Organisation dieser Anwendung beteiligte Personen (Verwaltungs-, Handels-, Marketing-, Rechts- und Systemadministratoren) oder externe Personen (wie dritte technische Dienstleister, Postkuriere, Hosting-Anbieter, IT-Unternehmen, Kommunikationsagenturen), die gegebenenfalls vom f\u00fcr die Verarbeitung Verantwortlichen zu Datenverarbeitern ernannt werden, Zugang zu den Daten haben. Die aktualisierte Liste der Datenverarbeiter kann jederzeit bei dem f\u00fcr die Verarbeitung Verantwortlichen angefordert werden.<\/p>\n<h3>Rechtsgrundlage f\u00fcr die Verarbeitung<\/h3>\n<p>Der f\u00fcr die Verarbeitung Verantwortliche verarbeitet personenbezogene Daten des Nutzers, wenn eine der folgenden Bedingungen erf\u00fcllt ist:<\/p>\n<ul>\n<li>der Nutzer hat seine Einwilligung f\u00fcr einen oder mehrere bestimmte Zwecke gegeben; Hinweis: In einigen Rechtsordnungen kann der f\u00fcr die Verarbeitung Verantwortliche befugt sein, personenbezogene Daten ohne die Einwilligung des Nutzers oder eine andere der nachstehend genannten Rechtsgrundlagen zu verarbeiten, bis der Nutzer einer solchen Verarbeitung widerspricht (&#8222;opts-out&#8220;). Dies gilt jedoch nicht, wenn die Verarbeitung personenbezogener Daten durch europ\u00e4ische Rechtsvorschriften \u00fcber den Schutz personenbezogener Daten geregelt ist;<\/li>\n<li>die Verarbeitung ist f\u00fcr die Erf\u00fcllung eines Vertrags mit dem Nutzer und\/oder die Durchf\u00fchrung vorvertraglicher Ma\u00dfnahmen erforderlich;<\/li>\n<li>die Verarbeitung ist erforderlich, um einer rechtlichen Verpflichtung nachzukommen, der der f\u00fcr die Verarbeitung Verantwortliche unterliegt;<\/li>\n<li>die Verarbeitung ist f\u00fcr die Wahrnehmung einer Aufgabe erforderlich, die im \u00f6ffentlichen Interesse liegt oder in Aus\u00fcbung \u00f6ffentlicher Gewalt erfolgt, die dem f\u00fcr die Verarbeitung Verantwortlichen \u00fcbertragen wurde;<\/li>\n<li>die Verarbeitung ist zur Verfolgung des berechtigten Interesses des f\u00fcr die Verarbeitung Verantwortlichen oder eines Dritten erforderlich.<\/li>\n<\/ul>\n<p>Es besteht jedoch immer die M\u00f6glichkeit, den f\u00fcr die Verarbeitung Verantwortlichen zu bitten, die konkrete Rechtsgrundlage jeder Verarbeitung zu erl\u00e4utern und insbesondere anzugeben, ob die Verarbeitung auf einer gesetzlichen Grundlage beruht, durch einen Vertrag vorgeschrieben oder f\u00fcr den Abschluss eines Vertrags erforderlich ist.<\/p>\n<h3>Ort<\/h3>\n<p>Die Daten werden in den R\u00e4umlichkeiten des f\u00fcr die Datenverarbeitung Verantwortlichen und an jedem anderen Ort verarbeitet, an dem sich die an der Verarbeitung Beteiligten befinden. F\u00fcr weitere Informationen wenden Sie sich bitte an den Eigent\u00fcmer.<br>Die personenbezogenen Daten des Nutzers k\u00f6nnen in ein anderes Land als das Land, in dem der Nutzer ans\u00e4ssig ist, \u00fcbermittelt werden. Um weitere Informationen dar\u00fcber zu erhalten, wo die Verarbeitung stattfindet, kann der Nutzer den Abschnitt \u00fcber die Einzelheiten der Verarbeitung personenbezogener Daten einsehen.<\/p>\n<p>Der Nutzer hat das Recht, Informationen \u00fcber die Rechtsgrundlage f\u00fcr die \u00dcbermittlung von Daten au\u00dferhalb der Europ\u00e4ischen Union oder an eine internationale Organisation, die dem V\u00f6lkerrecht unterliegt oder aus zwei oder mehr L\u00e4ndern besteht, wie z. B. die Vereinten Nationen, sowie \u00fcber die von dem f\u00fcr die Verarbeitung Verantwortlichen getroffenen Sicherheitsma\u00dfnahmen zum Schutz der Daten zu erhalten.<\/p>\n<p>Der Nutzer kann \u00fcberpr\u00fcfen, ob eine der soeben beschriebenen \u00dcbermittlungen stattgefunden hat, indem er den Abschnitt dieses Dokuments, der sich mit den Einzelheiten der Verarbeitung personenbezogener Daten befasst, liest, oder er kann den f\u00fcr die Verarbeitung Verantwortlichen um Informationen bitten, indem er ihn unter den eingangs angegebenen Kontaktdaten kontaktiert.<\/p>\n<h3>Konservierungszeitraum<\/h3>\n<p>Die Daten werden so lange verarbeitet und gespeichert, wie es die Zwecke, f\u00fcr die sie erhoben wurden, erfordern.<\/p>\n<p>Deshalb:<\/p>\n<ul>\n<li>Personenbezogene Daten, die im Zusammenhang mit der Erf\u00fcllung eines Vertrags zwischen dem f\u00fcr die Verarbeitung Verantwortlichen und dem Nutzer erhoben wurden, werden bis zur Erf\u00fcllung dieses Vertrags gespeichert.<\/li>\n<li>Personenbezogene Daten, die f\u00fcr Zwecke erhoben werden, die dem berechtigten Interesse des f\u00fcr die Verarbeitung Verantwortlichen zuzurechnen sind, werden so lange aufbewahrt, bis dieses Interesse erf\u00fcllt ist. Der Nutzer kann in den entsprechenden Abschnitten dieses Dokuments oder durch Kontaktaufnahme mit dem f\u00fcr die Verarbeitung Verantwortlichen weitere Informationen \u00fcber das von diesem verfolgte berechtigte Interesse erhalten.<\/li>\n<\/ul>\n<p>Beruht die Verarbeitung auf der Einwilligung des Nutzers, kann der f\u00fcr die Verarbeitung Verantwortliche die personenbezogenen Daten l\u00e4nger aufbewahren, bis die Einwilligung widerrufen wird. Dar\u00fcber hinaus kann der f\u00fcr die Verarbeitung Verantwortliche aufgrund einer gesetzlichen Verpflichtung oder einer beh\u00f6rdlichen Anordnung verpflichtet sein, personenbezogene Daten f\u00fcr einen l\u00e4ngeren Zeitraum aufzubewahren.<\/p>\n<p>Nach Ablauf der Aufbewahrungsfrist werden die personenbezogenen Daten gel\u00f6scht. Nach Ablauf dieser Frist k\u00f6nnen daher das Recht auf Auskunft, L\u00f6schung, Berichtigung und das Recht auf Daten\u00fcbertragbarkeit nicht mehr ausge\u00fcbt werden.<\/p>\n<\/div>\n<div class=\"one_line_col\">\n<h2>Benutzerrechte<\/h2>\n<p>Die Nutzer k\u00f6nnen bestimmte Rechte in Bezug auf die von dem f\u00fcr die Verarbeitung Verantwortlichen verarbeiteten Daten aus\u00fcben.<\/p>\n<p>Der Nutzer hat insbesondere das Recht auf:<\/p>\n<ul>\n<li><b>die Zustimmung jederzeit widerrufen.<\/b>  Der Nutzer kann seine zuvor erteilte Zustimmung zur Verarbeitung seiner personenbezogenen Daten widerrufen.<\/li>\n<li><b>gegen die Verarbeitung ihrer Daten Widerspruch einlegen.<\/b>  Die Nutzer k\u00f6nnen der Verarbeitung ihrer Daten widersprechen, wenn diese auf einer anderen Rechtsgrundlage als der Einwilligung erfolgt. Weitere Einzelheiten zum Widerspruchsrecht finden Sie im folgenden Abschnitt.<\/li>\n<li><b>Zugang zu ihren Daten.<\/b>  Der Nutzer hat das Recht, Informationen \u00fcber die von dem f\u00fcr die Verarbeitung Verantwortlichen verarbeiteten Daten sowie \u00fcber bestimmte Aspekte der Verarbeitung zu erhalten und eine Kopie der verarbeiteten Daten zu bekommen.<\/li>\n<li><b>zu \u00fcberpr\u00fcfen und eine Berichtigung zu verlangen.<\/b>  Der Nutzer kann die Richtigkeit seiner Daten \u00fcberpr\u00fcfen und deren Aktualisierung oder Berichtigung verlangen.<\/li>\n<li><b>eine Einschr\u00e4nkung der Verarbeitung zu erwirken.<\/b>  Wenn bestimmte Bedingungen erf\u00fcllt sind, kann der Nutzer die Einschr\u00e4nkung der Verarbeitung seiner Daten verlangen. In diesem Fall wird der f\u00fcr die Verarbeitung Verantwortliche die Daten nicht zu anderen Zwecken als zu ihrer Speicherung verarbeiten.<\/li>\n<li><b>die L\u00f6schung oder Entfernung ihrer personenbezogenen Daten zu erwirken.<\/b>  Wenn bestimmte Bedingungen erf\u00fcllt sind, kann der Nutzer die L\u00f6schung seiner Daten durch den f\u00fcr die Verarbeitung Verantwortlichen verlangen.<\/li>\n<li><b>ihre Daten zu erhalten oder sie an einen anderen f\u00fcr die Datenverarbeitung Verantwortlichen zu \u00fcbermitteln.<\/b>  Der Nutzer hat das Recht, seine Daten in einem strukturierten, g\u00e4ngigen und maschinenlesbaren Format zu erhalten und sie, soweit technisch m\u00f6glich, ungehindert an einen anderen f\u00fcr die Verarbeitung Verantwortlichen \u00fcbermitteln zu lassen. Diese Bestimmung ist anwendbar, wenn die Daten mit automatisierten Mitteln verarbeitet werden und die Verarbeitung auf der Einwilligung des Nutzers, auf einem Vertrag, dessen Vertragspartei der Nutzer ist, oder auf damit verbundenen vertraglichen Ma\u00dfnahmen beruht.<\/li>\n<li><b>eine Beschwerde einreichen.<\/b>  Der Nutzer kann bei der zust\u00e4ndigen Datenschutzaufsichtsbeh\u00f6rde Beschwerde einlegen oder den Rechtsweg beschreiten.<\/li>\n<\/ul>\n<h3>Einzelheiten zum Widerspruchsrecht<\/h3>\n<p>Werden personenbezogene Daten im \u00f6ffentlichen Interesse, in Aus\u00fcbung \u00f6ffentlicher Gewalt, die dem f\u00fcr die Verarbeitung Verantwortlichen \u00fcbertragen wurde, oder in Verfolgung eines berechtigten Interesses des f\u00fcr die Verarbeitung Verantwortlichen verarbeitet, haben die Nutzer das Recht, aus Gr\u00fcnden, die sich aus ihrer besonderen Situation ergeben, Widerspruch gegen die Verarbeitung einzulegen.<\/p>\n<p>Die Nutzer werden darauf hingewiesen, dass sie im Falle der Verarbeitung ihrer Daten zu Zwecken des Direktmarketings der Verarbeitung ohne Angabe von Gr\u00fcnden widersprechen k\u00f6nnen. Um herauszufinden, ob der f\u00fcr die Verarbeitung Verantwortliche Daten zu Zwecken des Direktmarketings verarbeitet, k\u00f6nnen sich die Nutzer auf die entsprechenden Abschnitte dieses Dokuments beziehen.<\/p>\n<h3>Wie man Rechte wahrnimmt<\/h3>\n<p>Um seine Rechte auszu\u00fcben, kann der Nutzer eine Anfrage an die in diesem Dokument angegebenen Kontaktdaten des f\u00fcr die Verarbeitung Verantwortlichen richten. Die Antr\u00e4ge werden kostenlos gestellt und vom Inhaber so schnell wie m\u00f6glich, in jedem Fall aber innerhalb eines Monats, bearbeitet.<\/p>\n<\/div>\n<div class=\"one_line_col\">\n<h2 id=\"further_data_processing_info\">Weitere Informationen zur Behandlung<\/h2>\n<h3>Verteidigung vor Gericht<\/h3>\n<p>Die personenbezogenen Daten des Nutzers k\u00f6nnen von dem f\u00fcr die Verarbeitung Verantwortlichen in Gerichtsverfahren oder in der Vorbereitungsphase zu deren eventueller Einleitung zur Abwehr von Missbr\u00e4uchen bei der Nutzung dieser Anwendung oder der damit verbundenen Dienste durch den Nutzer verwendet werden.<br>Der Nutzer erkl\u00e4rt, dass ihm bekannt ist, dass der f\u00fcr die Datenverarbeitung Verantwortliche verpflichtet sein kann, die Daten auf Anordnung von Beh\u00f6rden weiterzugeben.<\/p>\n<h3>Spezifische Informationen<\/h3>\n<p>Auf Anfrage des Nutzers kann diese Anwendung dem Nutzer zus\u00e4tzlich zu den in dieser Datenschutzerkl\u00e4rung enthaltenen Informationen zus\u00e4tzliche und kontextbezogene Informationen \u00fcber bestimmte Dienste oder die Erhebung und Verarbeitung personenbezogener Daten zur Verf\u00fcgung stellen.<\/p>\n<h3>Systemprotokolle und Wartung<\/h3>\n<p>Zu Betriebs- und Wartungszwecken k\u00f6nnen diese Anwendung und die von ihr genutzten Dienste Dritter Systemprotokolle sammeln, d. h. Dateien, die Interaktionen aufzeichnen und die auch personenbezogene Daten, wie die IP-Adresse des Nutzers, enthalten k\u00f6nnen.<\/p>\n<h3>Informationen, die nicht in dieser Politik enthalten sind<\/h3>\n<p>Weitere Informationen im Zusammenhang mit der Verarbeitung personenbezogener Daten k\u00f6nnen jederzeit bei dem f\u00fcr die Verarbeitung Verantwortlichen unter den angegebenen Kontaktdaten angefordert werden.<\/p>\n<h3>Reagieren auf &#8222;Do Not Track&#8220;-Anfragen<\/h3>\n<p>Diese Anwendung unterst\u00fctzt keine &#8222;Do Not Track&#8220;-Anfragen.<br>Um herauszufinden, ob die verwendeten Dienste Dritter diese unterst\u00fctzen, wird der Nutzer gebeten, die jeweiligen Datenschutzrichtlinien zu konsultieren.<\/p>\n<h3>\u00c4nderungen an dieser Datenschutzrichtlinie<\/h3>\n<p>Der f\u00fcr die Verarbeitung Verantwortliche beh\u00e4lt sich das Recht vor, diese Datenschutzerkl\u00e4rung jederzeit zu \u00e4ndern, indem er die Nutzer auf dieser Seite und, wenn m\u00f6glich, auf dieser Anwendung informiert sowie, falls technisch und rechtlich m\u00f6glich, indem er den Nutzern eine Benachrichtigung \u00fcber eine der vom f\u00fcr die Verarbeitung Verantwortlichen hinterlegten Kontaktinformationen zusendet. Bitte konsultieren Sie diese Seite daher regelm\u00e4\u00dfig und achten Sie auf das Datum der letzten \u00c4nderung, das am Ende der Seite angegeben ist.<\/p>\n<p>Wenn sich die \u00c4nderungen auf eine Verarbeitung auswirken, deren Rechtsgrundlage die Einwilligung ist, holt der f\u00fcr die Verarbeitung Verantwortliche erforderlichenfalls erneut die Einwilligung des Nutzers ein.<\/p>\n<\/div>\t\t\t\t\t\t\t\t<\/div>\n\t\t\t\t<\/div>\n\t\t\t\t\t<\/div>\n\t\t\t\t<\/div>\n\t\t\t\t<\/div>\n\t\t","protected":false},"excerpt":{"rendered":"<p>Datenschutzbestimmungen von www.autorimesseroma.it\/ Um Informationen \u00fcber Ihre gesammelten pers\u00f6nlichen Daten, die Zwecke, f\u00fcr die sie gesammelt werden, und die Parteien, mit denen die Daten geteilt werden, zu erhalten, wenden Sie sich bitte an den f\u00fcr die Verarbeitung Verantwortlichen. Datenkontrolleur Viale Furio Camillo 54 b, 00181 Rom (RM) E-Mail Adresse des Inhabers: parkcity@autorimesseroma.it Arten von gesammelten&hellip;<\/p>\n","protected":false},"author":1,"featured_media":0,"parent":0,"menu_order":0,"comment_status":"closed","ping_status":"open","template":"","meta":{"footnotes":""},"class_list":["post-7576","page","type-page","status-publish","hentry"],"yoast_head":"<!-- This site is optimized with the Yoast SEO plugin v27.3 - https:\/\/yoast.com\/product\/yoast-seo-wordpress\/ -->\n<title>Datenschutzbestimmungen - PARKCITY 96 - Parken in Rom | ZENTRUM mit der U-Bahn 15 Minuten | Wirtschaftlich<\/title>\n<meta name=\"robots\" content=\"index, follow, max-snippet:-1, max-image-preview:large, max-video-preview:-1\" \/>\n<link rel=\"canonical\" href=\"https:\/\/www.autorimesseroma.it\/de\/datenschutzbestimmungen\/\" \/>\n<meta property=\"og:locale\" content=\"de_DE\" \/>\n<meta property=\"og:type\" content=\"article\" \/>\n<meta property=\"og:title\" content=\"Datenschutzbestimmungen - PARKCITY 96 - Parken in Rom | ZENTRUM mit der U-Bahn 15 Minuten | Wirtschaftlich\" \/>\n<meta property=\"og:description\" content=\"Datenschutzbestimmungen von www.autorimesseroma.it\/ Um Informationen \u00fcber Ihre gesammelten pers\u00f6nlichen Daten, die Zwecke, f\u00fcr die sie gesammelt werden, und die Parteien, mit denen die Daten geteilt werden, zu erhalten, wenden Sie sich bitte an den f\u00fcr die Verarbeitung Verantwortlichen. Datenkontrolleur Viale Furio Camillo 54 b, 00181 Rom (RM) E-Mail Adresse des Inhabers: parkcity@autorimesseroma.it Arten von gesammelten&hellip;\" \/>\n<meta property=\"og:url\" content=\"https:\/\/www.autorimesseroma.it\/de\/datenschutzbestimmungen\/\" \/>\n<meta property=\"og:site_name\" content=\"PARKCITY 96 - Parken in Rom | ZENTRUM mit der U-Bahn 15 Minuten | Wirtschaftlich\" \/>\n<meta property=\"article:publisher\" content=\"https:\/\/www.facebook.com\/people\/Parking-Rome\/100068444212966\/\" \/>\n<meta property=\"article:modified_time\" content=\"2024-02-11T09:29:04+00:00\" \/>\n<meta name=\"twitter:card\" content=\"summary_large_image\" \/>\n<meta name=\"twitter:site\" content=\"@PaekingR\" \/>\n<meta name=\"twitter:label1\" content=\"Gesch\u00e4tzte Lesezeit\" \/>\n\t<meta name=\"twitter:data1\" content=\"9\u00a0Minuten\" \/>\n<script type=\"application\/ld+json\" class=\"yoast-schema-graph\">{\"@context\":\"https:\\\/\\\/schema.org\",\"@graph\":[{\"@type\":\"WebPage\",\"@id\":\"https:\\\/\\\/www.autorimesseroma.it\\\/de\\\/datenschutzbestimmungen\\\/\",\"url\":\"https:\\\/\\\/www.autorimesseroma.it\\\/de\\\/datenschutzbestimmungen\\\/\",\"name\":\"Datenschutzbestimmungen - PARKCITY 96 - Parken in Rom | ZENTRUM mit der U-Bahn 15 Minuten | Wirtschaftlich\",\"isPartOf\":{\"@id\":\"https:\\\/\\\/www.autorimesseroma.it\\\/de\\\/#website\"},\"datePublished\":\"2024-02-02T09:00:46+00:00\",\"dateModified\":\"2024-02-11T09:29:04+00:00\",\"breadcrumb\":{\"@id\":\"https:\\\/\\\/www.autorimesseroma.it\\\/de\\\/datenschutzbestimmungen\\\/#breadcrumb\"},\"inLanguage\":\"de\",\"potentialAction\":[{\"@type\":\"ReadAction\",\"target\":[\"https:\\\/\\\/www.autorimesseroma.it\\\/de\\\/datenschutzbestimmungen\\\/\"]}]},{\"@type\":\"BreadcrumbList\",\"@id\":\"https:\\\/\\\/www.autorimesseroma.it\\\/de\\\/datenschutzbestimmungen\\\/#breadcrumb\",\"itemListElement\":[{\"@type\":\"ListItem\",\"position\":1,\"name\":\"Home\",\"item\":\"https:\\\/\\\/www.autorimesseroma.it\\\/de\\\/\"},{\"@type\":\"ListItem\",\"position\":2,\"name\":\"Datenschutzbestimmungen\"}]},{\"@type\":\"WebSite\",\"@id\":\"https:\\\/\\\/www.autorimesseroma.it\\\/de\\\/#website\",\"url\":\"https:\\\/\\\/www.autorimesseroma.it\\\/de\\\/\",\"name\":\"PARKCITY 96 - Parcheggio a Roma | CENTRO in metro 15 min | Economico\",\"description\":\"Einfach zu erreichen. Au\u00dferhalb der verkehrsberuhigten Zone. \u00dcberdachter und sicherer Parkplatz im Viertel Appio Tuscolana (halbzentrales Rom), nur 100 Meter von der Haltestelle Furio Camillo der U-Bahn-Linie A entfernt.\",\"publisher\":{\"@id\":\"https:\\\/\\\/www.autorimesseroma.it\\\/de\\\/#organization\"},\"potentialAction\":[{\"@type\":\"SearchAction\",\"target\":{\"@type\":\"EntryPoint\",\"urlTemplate\":\"https:\\\/\\\/www.autorimesseroma.it\\\/de\\\/?s={search_term_string}\"},\"query-input\":{\"@type\":\"PropertyValueSpecification\",\"valueRequired\":true,\"valueName\":\"search_term_string\"}}],\"inLanguage\":\"de\"},{\"@type\":\"Organization\",\"@id\":\"https:\\\/\\\/www.autorimesseroma.it\\\/de\\\/#organization\",\"name\":\"PARKCITY 96 - Parcheggio a Roma | CENTRO in metro 15 min | Economico\",\"url\":\"https:\\\/\\\/www.autorimesseroma.it\\\/de\\\/\",\"logo\":{\"@type\":\"ImageObject\",\"inLanguage\":\"de\",\"@id\":\"https:\\\/\\\/www.autorimesseroma.it\\\/de\\\/#\\\/schema\\\/logo\\\/image\\\/\",\"url\":\"https:\\\/\\\/www.autorimesseroma.it\\\/wp-content\\\/uploads\\\/2021\\\/11\\\/cropped-Parking-Parkcity96.png\",\"contentUrl\":\"https:\\\/\\\/www.autorimesseroma.it\\\/wp-content\\\/uploads\\\/2021\\\/11\\\/cropped-Parking-Parkcity96.png\",\"width\":512,\"height\":512,\"caption\":\"PARKCITY 96 - Parcheggio a Roma | CENTRO in metro 15 min | Economico\"},\"image\":{\"@id\":\"https:\\\/\\\/www.autorimesseroma.it\\\/de\\\/#\\\/schema\\\/logo\\\/image\\\/\"},\"sameAs\":[\"https:\\\/\\\/www.facebook.com\\\/people\\\/Parking-Rome\\\/100068444212966\\\/\",\"https:\\\/\\\/x.com\\\/PaekingR\"]}]}<\/script>\n<!-- \/ Yoast SEO plugin. -->","yoast_head_json":{"title":"Datenschutzbestimmungen - PARKCITY 96 - Parken in Rom | ZENTRUM mit der U-Bahn 15 Minuten | Wirtschaftlich","robots":{"index":"index","follow":"follow","max-snippet":"max-snippet:-1","max-image-preview":"max-image-preview:large","max-video-preview":"max-video-preview:-1"},"canonical":"https:\/\/www.autorimesseroma.it\/de\/datenschutzbestimmungen\/","og_locale":"de_DE","og_type":"article","og_title":"Datenschutzbestimmungen - PARKCITY 96 - Parken in Rom | ZENTRUM mit der U-Bahn 15 Minuten | Wirtschaftlich","og_description":"Datenschutzbestimmungen von www.autorimesseroma.it\/ Um Informationen \u00fcber Ihre gesammelten pers\u00f6nlichen Daten, die Zwecke, f\u00fcr die sie gesammelt werden, und die Parteien, mit denen die Daten geteilt werden, zu erhalten, wenden Sie sich bitte an den f\u00fcr die Verarbeitung Verantwortlichen. Datenkontrolleur Viale Furio Camillo 54 b, 00181 Rom (RM) E-Mail Adresse des Inhabers: parkcity@autorimesseroma.it Arten von gesammelten&hellip;","og_url":"https:\/\/www.autorimesseroma.it\/de\/datenschutzbestimmungen\/","og_site_name":"PARKCITY 96 - Parken in Rom | ZENTRUM mit der U-Bahn 15 Minuten | Wirtschaftlich","article_publisher":"https:\/\/www.facebook.com\/people\/Parking-Rome\/100068444212966\/","article_modified_time":"2024-02-11T09:29:04+00:00","twitter_card":"summary_large_image","twitter_site":"@PaekingR","twitter_misc":{"Gesch\u00e4tzte Lesezeit":"9\u00a0Minuten"},"schema":{"@context":"https:\/\/schema.org","@graph":[{"@type":"WebPage","@id":"https:\/\/www.autorimesseroma.it\/de\/datenschutzbestimmungen\/","url":"https:\/\/www.autorimesseroma.it\/de\/datenschutzbestimmungen\/","name":"Datenschutzbestimmungen - PARKCITY 96 - Parken in Rom | ZENTRUM mit der U-Bahn 15 Minuten | Wirtschaftlich","isPartOf":{"@id":"https:\/\/www.autorimesseroma.it\/de\/#website"},"datePublished":"2024-02-02T09:00:46+00:00","dateModified":"2024-02-11T09:29:04+00:00","breadcrumb":{"@id":"https:\/\/www.autorimesseroma.it\/de\/datenschutzbestimmungen\/#breadcrumb"},"inLanguage":"de","potentialAction":[{"@type":"ReadAction","target":["https:\/\/www.autorimesseroma.it\/de\/datenschutzbestimmungen\/"]}]},{"@type":"BreadcrumbList","@id":"https:\/\/www.autorimesseroma.it\/de\/datenschutzbestimmungen\/#breadcrumb","itemListElement":[{"@type":"ListItem","position":1,"name":"Home","item":"https:\/\/www.autorimesseroma.it\/de\/"},{"@type":"ListItem","position":2,"name":"Datenschutzbestimmungen"}]},{"@type":"WebSite","@id":"https:\/\/www.autorimesseroma.it\/de\/#website","url":"https:\/\/www.autorimesseroma.it\/de\/","name":"PARKCITY 96 - Parcheggio a Roma | CENTRO in metro 15 min | Economico","description":"Einfach zu erreichen. Au\u00dferhalb der verkehrsberuhigten Zone. \u00dcberdachter und sicherer Parkplatz im Viertel Appio Tuscolana (halbzentrales Rom), nur 100 Meter von der Haltestelle Furio Camillo der U-Bahn-Linie A entfernt.","publisher":{"@id":"https:\/\/www.autorimesseroma.it\/de\/#organization"},"potentialAction":[{"@type":"SearchAction","target":{"@type":"EntryPoint","urlTemplate":"https:\/\/www.autorimesseroma.it\/de\/?s={search_term_string}"},"query-input":{"@type":"PropertyValueSpecification","valueRequired":true,"valueName":"search_term_string"}}],"inLanguage":"de"},{"@type":"Organization","@id":"https:\/\/www.autorimesseroma.it\/de\/#organization","name":"PARKCITY 96 - Parcheggio a Roma | CENTRO in metro 15 min | Economico","url":"https:\/\/www.autorimesseroma.it\/de\/","logo":{"@type":"ImageObject","inLanguage":"de","@id":"https:\/\/www.autorimesseroma.it\/de\/#\/schema\/logo\/image\/","url":"https:\/\/www.autorimesseroma.it\/wp-content\/uploads\/2021\/11\/cropped-Parking-Parkcity96.png","contentUrl":"https:\/\/www.autorimesseroma.it\/wp-content\/uploads\/2021\/11\/cropped-Parking-Parkcity96.png","width":512,"height":512,"caption":"PARKCITY 96 - Parcheggio a Roma | CENTRO in metro 15 min | Economico"},"image":{"@id":"https:\/\/www.autorimesseroma.it\/de\/#\/schema\/logo\/image\/"},"sameAs":["https:\/\/www.facebook.com\/people\/Parking-Rome\/100068444212966\/","https:\/\/x.com\/PaekingR"]}]}},"_links":{"self":[{"href":"https:\/\/www.autorimesseroma.it\/de\/wp-json\/wp\/v2\/pages\/7576","targetHints":{"allow":["GET"]}}],"collection":[{"href":"https:\/\/www.autorimesseroma.it\/de\/wp-json\/wp\/v2\/pages"}],"about":[{"href":"https:\/\/www.autorimesseroma.it\/de\/wp-json\/wp\/v2\/types\/page"}],"author":[{"embeddable":true,"href":"https:\/\/www.autorimesseroma.it\/de\/wp-json\/wp\/v2\/users\/1"}],"replies":[{"embeddable":true,"href":"https:\/\/www.autorimesseroma.it\/de\/wp-json\/wp\/v2\/comments?post=7576"}],"version-history":[{"count":0,"href":"https:\/\/www.autorimesseroma.it\/de\/wp-json\/wp\/v2\/pages\/7576\/revisions"}],"wp:attachment":[{"href":"https:\/\/www.autorimesseroma.it\/de\/wp-json\/wp\/v2\/media?parent=7576"}],"curies":[{"name":"wp","href":"https:\/\/api.w.org\/{rel}","templated":true}]}}